{"id":625,"date":"2025-01-06T11:44:11","date_gmt":"2025-01-06T10:44:11","guid":{"rendered":"http:\/\/intersig.al\/?page_id=625"},"modified":"2025-03-04T20:34:47","modified_gmt":"2025-03-04T19:34:47","slug":"llogarisni-policen-tpl","status":"publish","type":"page","link":"https:\/\/intersig.al\/en\/llogarisni-policen-tpl\/","title":{"rendered":"Calculate TPL Premium"},"content":{"rendered":"<p>  <\/p>\n<div id=\"coefficientsSection\" class=\"coefficients-section\">\n<h1 style=\"text-align: center;\">Llogarisni polic\u00ebn TPL<\/h1>\n<p>Nga 01.01.2025 hyn n\u00eb fuqi rregullorja e re p\u00ebr policat TPL ku \u00e7mimi do t\u00eb p\u00ebrcaktohet sipas disa vlerave t\u00eb p\u00ebrcaktuara. P\u00ebrdorni makin\u00ebn llogarit\u00ebse m\u00eb posht\u00eb p\u00ebr t\u00eb llogaritur primin e polic\u00ebs suaj.<\/p>\n<div id=\"coefficientCategorySection\" class=\"coefficients-category-section\">\n<div class=\"coefficient-category\">\n                <label for=\"historical-damage\"><\/p>\n<p>Historiku i d\u00ebmeve<\/p>\n<p><\/label><br \/>\n                <select id=\"historical-damage\" name=\"historical_damage\" class=\"category-select\"><option value=\"1,0\">II &#8211; Nj\u00eb d\u00ebm i raportuar gjat\u00eb vitit<\/option><option value=\"1,0\">III &#8211; Dy ose m\u00eb shum\u00eb d\u00ebme t\u00eb raportuara gjat\u00eb tre viteve t\u00eb fundit<\/option><option value=\"1,0\">I &#8211; Asnj\u00eb d\u00ebm t\u00eb raportuar gjat\u00eb vitit<\/option><\/select>\n            <\/div>\n<div class=\"coefficient-category\">\n                <label for=\"engine-power\"><\/p>\n<p>Fuqia motorike<\/p>\n<p><\/label><br \/>\n                <select id=\"engine-power\" name=\"engine_power\" class=\"category-select\"><option value=\"0,905\">I &#8211; deri n\u00eb 1300 cm3<\/option><option value=\"0,95\">II &#8211; nga 1301 deri n\u00eb 1600 cm3<\/option><option value=\"1,01\">III &#8211; nga 1601 deri n\u00eb 1800 cm3<\/option><option value=\"1,05\">IV &#8211; nga 1801 deri n\u00eb 2000 cm3<\/option><option value=\"1,1\">V &#8211; nga 2001 deri n\u00eb 2500 cm3<\/option><option value=\"1,15\">VI &#8211; nga 2501 deri n\u00eb 3000 cm3<\/option><option value=\"1,2\">VII &#8211; mbi 3000 cm3<\/option><\/select>\n            <\/div>\n<div class=\"coefficient-category\">\n                <label for=\"vehicle-usage\"><\/p>\n<p>P\u00ebrdorimi i mjetit<\/p>\n<p><\/label><br \/>\n                <select id=\"vehicle-usage\" name=\"vehicle_usage\" class=\"category-select\" onchange=\"handleVehicleUsageChange()\"><option value=\"1,0|Individ\"><br \/>\n                            I &#8211; Individ<br \/>\n                        <\/option><option value=\"1,2|Subjekt\"><br \/>\n                            II &#8211; Subjekt<br \/>\n                        <\/option><\/select>\n            <\/div>\n<div class=\"coefficient-category\">\n                <label for=\"region\"><\/p>\n<p>Rajoni<\/p>\n<p><\/label><br \/>\n                <select id=\"region\" name=\"region\" class=\"category-select\"><option value=\"0,97\">I &#8211; Berat<\/option><option value=\"0,97\">I &#8211; Dib\u00ebr<\/option><option value=\"0,97\">I &#8211; Kuk\u00ebs<\/option><option value=\"1,0\">II &#8211; T\u00eb tjera<\/option><\/select>\n            <\/div>\n<div class=\"coefficient-category\">\n                <label for=\"driver-age\"><\/p>\n<p>Mosha e t\u00eb siguruarit<\/p>\n<p><\/label><br \/>\n                <select id=\"driver-age\" name=\"driver_age\" class=\"category-select\" onchange=\"handleDriverAgeChange()\"><option value=\"1,15|18 deri n\u00eb 21 vje\u00e7\"><br \/>\n                            I &#8211; 18 deri n\u00eb 21 vje\u00e7<br \/>\n                        <\/option><option value=\"1,0|T\u00eb tjer\u00eb\"><br \/>\n                            II &#8211; T\u00eb tjer\u00eb<br \/>\n                        <\/option><\/select>\n            <\/div>\n<div class=\"coefficient-category\">\n                <label for=\"driving-experience\"><\/p>\n<p>Eksperienca e shoferit<\/p>\n<p><\/label><br \/>\n                <select id=\"driving-experience\" name=\"driving_experience\" class=\"category-select\" disabled><option value=\"1,0\">II &#8211; Mbi dy vite<\/option><option value=\"1,0\">I &#8211; Deri n\u00eb dy vite<\/option><\/select>\n            <\/div>\n<div class=\"coefficient-category\">\n                <label for=\"vehicle-age\"><\/p>\n<p>Vjet\u00ebrsia e mjetit<\/p>\n<p><\/label><br \/>\n                <select id=\"vehicle-age\" name=\"vehicle_age\" class=\"category-select\"><option value=\"0,98\">I &#8211; Deri n\u00eb 5 vjet<\/option><option value=\"0,996\">II &#8211; Nga 6 deri n\u00eb 10 vjet<\/option><option value=\"1,02\">III &#8211; Nga 11 deri n\u00eb 15 vjet<\/option><option value=\"1,05\">IV &#8211; Mbi 15 vjet<\/option><\/select>\n            <\/div>\n<\/p><\/div>\n<p>        <button id=\"calculate-price-button\" class=\"calculate-button\" type=\"button\" data-base-value=\"17073,1707317073\" onclick=\"calculatePrice()\"><\/p>\n<p>Llogarit primin<\/p>\n<p>        <\/button><\/p>\n<div id=\"price-display\" class=\"price-display\">\n             <span id=\"price-value\"><\/span> ALL\n        <\/div>\n<\/p><\/div>\n<p><\/p>","protected":false},"excerpt":{"rendered":"<p>Llogarisni polic\u00ebn TPL Nga 01.01.2025 hyn n\u00eb fuqi rregullorja e re p\u00ebr policat TPL ku \u00e7mimi do t\u00eb p\u00ebrcaktohet sipas disa vlerave t\u00eb p\u00ebrcaktuara. P\u00ebrdorni makin\u00ebn llogarit\u00ebse m\u00eb posht\u00eb p\u00ebr t\u00eb llogaritur primin e polic\u00ebs suaj. Historiku i d\u00ebmeve II &hellip;<\/p>\n","protected":false},"author":2,"featured_media":0,"parent":0,"menu_order":0,"comment_status":"closed","ping_status":"closed","template":"","meta":{"_acf_changed":false,"footnotes":""},"class_list":["post-625","page","type-page","status-publish","hentry"],"acf":[],"aioseo_notices":[],"_links":{"self":[{"href":"https:\/\/intersig.al\/en\/wp-json\/wp\/v2\/pages\/625","targetHints":{"allow":["GET"]}}],"collection":[{"href":"https:\/\/intersig.al\/en\/wp-json\/wp\/v2\/pages"}],"about":[{"href":"https:\/\/intersig.al\/en\/wp-json\/wp\/v2\/types\/page"}],"author":[{"embeddable":true,"href":"https:\/\/intersig.al\/en\/wp-json\/wp\/v2\/users\/2"}],"replies":[{"embeddable":true,"href":"https:\/\/intersig.al\/en\/wp-json\/wp\/v2\/comments?post=625"}],"version-history":[{"count":0,"href":"https:\/\/intersig.al\/en\/wp-json\/wp\/v2\/pages\/625\/revisions"}],"wp:attachment":[{"href":"https:\/\/intersig.al\/en\/wp-json\/wp\/v2\/media?parent=625"}],"curies":[{"name":"wp","href":"https:\/\/api.w.org\/{rel}","templated":true}]}}